    {"id":94,"date":"2025-06-27T19:31:14","date_gmt":"2025-06-27T19:31:14","guid":{"rendered":"https:\/\/explorgrow.com\/?page_id=94"},"modified":"2025-11-24T20:54:25","modified_gmt":"2025-11-24T20:54:25","slug":"about-us","status":"publish","type":"page","link":"https:\/\/explorgrow.com\/de\/about-us\/","title":{"rendered":"\u00dcber uns"},"content":{"rendered":"<h1 class=\"wp-block-heading\"><\/h1>\n\n\n\n<p><strong>Willkommen bei Explorgrow<\/strong> Explorgrow ist Ihre Anlaufstelle f\u00fcr moderne Einblicke in die Landwirtschaft, landwirtschaftliche Innovationen und Strategien f\u00fcr nachhaltiges Wachstum. Ob Landwirt, Agrarunternehmer, Forscher, Stratege oder einfach nur an der Zukunft der Landwirtschaft interessiert \u2013 Explorgrow unterst\u00fctzt Sie auf Ihrem Weg.<\/p>\n\n\n\n<h2 class=\"wp-block-heading\"><strong>Was uns antreibt<\/strong><\/h2>\n\n\n\n<p>Wir bei Explorgrow glauben, dass Wissen ein unverzichtbares Werkzeug f\u00fcr eine bessere Zukunft ist. Unsere Mission ist es, hochwertige, praxisorientierte Inhalte bereitzustellen, die Einzelpersonen und Gemeinschaften dabei helfen, st\u00e4rkere und widerstandsf\u00e4higere Ern\u00e4hrungssysteme aufzubauen.<\/p>\n\n\n\n<p>Wir konzentrieren uns auf das Wesentliche: nachhaltige Praktiken, neue Agrartechnologien, Markt- und Marketingver\u00e4nderungen, strategische Entscheidungsfindung und die Trends, die die Landwirtschaft von morgen pr\u00e4gen. Von Innovationen, die die Landwirtschaft revolutionieren, bis hin zu Erkenntnissen, die Landwirten helfen, sich im ver\u00e4nderten Verbraucherverhalten zurechtzufinden \u2013 unser Ziel ist es, moderne Landwirtschaft transparenter, intelligenter und f\u00fcr alle zug\u00e4nglicher zu machen.<\/p>\n\n\n\n<h2 class=\"wp-block-heading\"><strong>Wer wir sind<\/strong><\/h2>\n\n\n\n<p>Wir sind ein Team aus Autoren, Strategen und Agrarwissenschaftlern, die sich der Verbindung von Tradition und Innovation verschrieben haben. Explorgrow entstand aus dem Wunsch heraus, den Austausch von Ideen in der Landwirtschaft \u2013 ob digitale Werkzeuge, Marktstrategien, bodenschonende Ans\u00e4tze oder regenerative Praktiken \u2013 klarer und zielgerichteter zu gestalten.<\/p>\n\n\n\n<p>Unsere Inhalte basieren auf Praxisbezug, Relevanz und langfristiger Wirkung. Wir beleuchten die Kr\u00e4fte, die die heutige Agrarlandschaft pr\u00e4gen: Herausforderungen der Nachhaltigkeit, neue Trends, innovative Technologien und die strategische Denkweise, die f\u00fcr Anpassung und Erfolg unerl\u00e4sslich ist. Hier sind Sie nicht nur Leser \u2013 Sie sind Teil eines wachsenden Netzwerks von Ver\u00e4nderern, die an Fortschritt von unten glauben.<\/p>\n\n\n\n<h2 class=\"wp-block-heading\"><strong>Mach mit!<\/strong><\/h2>\n\n\n\n<p>Haben Sie ein Thema, das wir genauer beleuchten sollen? M\u00f6chten Sie Ihre Erfahrungen in der Landwirtschaft teilen oder eine nachhaltige L\u00f6sung empfehlen? Wir freuen uns, von Ihnen zu h\u00f6ren. Bei Explorgrow gestalten Sie mit Ihrer Stimme die Zukunft der Landwirtschaft.<\/p>\n\n\n\n<p><strong>Lasst uns gemeinsam etwas Sinnvolles aufbauen \u2013 eine Idee, eine Geschichte, ein Feld nach dem anderen.<\/strong><\/p>","protected":false},"excerpt":{"rendered":"<p>Welcome to Explorgrow \u2013 your destination for modern farming insights, agricultural innovation, and strategies that drive sustainable growth. Whether you\u2019re a farmer, agripreneur, researcher, strategist, or simply passionate about the future of agriculture, Explorgrow is here to support your journey. What drives us At Explorgrow, we believe that knowledge is a vital tool for cultivating [&hellip;]<\/p>","protected":false},"author":198,"featured_media":0,"parent":0,"menu_order":0,"comment_status":"closed","ping_status":"closed","template":"","meta":{"footnotes":""},"_links":{"self":[{"href":"https:\/\/explorgrow.com\/de\/wp-json\/wp\/v2\/pages\/94"}],"collection":[{"href":"https:\/\/explorgrow.com\/de\/wp-json\/wp\/v2\/pages"}],"about":[{"href":"https:\/\/explorgrow.com\/de\/wp-json\/wp\/v2\/types\/page"}],"author":[{"embeddable":true,"href":"https:\/\/explorgrow.com\/de\/wp-json\/wp\/v2\/users\/198"}],"replies":[{"embeddable":true,"href":"https:\/\/explorgrow.com\/de\/wp-json\/wp\/v2\/comments?post=94"}],"version-history":[{"count":2,"href":"https:\/\/explorgrow.com\/de\/wp-json\/wp\/v2\/pages\/94\/revisions"}],"predecessor-version":[{"id":762,"href":"https:\/\/explorgrow.com\/de\/wp-json\/wp\/v2\/pages\/94\/revisions\/762"}],"wp:attachment":[{"href":"https:\/\/explorgrow.com\/de\/wp-json\/wp\/v2\/media?parent=94"}],"curies":[{"name":"wp","href":"https:\/\/api.w.org\/{rel}","templated":true}]}}