    {"id":96,"date":"2025-06-27T19:31:50","date_gmt":"2025-06-27T19:31:50","guid":{"rendered":"https:\/\/explorgrow.com\/?page_id=96"},"modified":"2025-11-24T20:53:58","modified_gmt":"2025-11-24T20:53:58","slug":"contact","status":"publish","type":"page","link":"https:\/\/explorgrow.com\/de\/contact\/","title":{"rendered":"Kontakt"},"content":{"rendered":"<p>Vielen Dank f\u00fcr Ihren Besuch <strong>Explorgrow<\/strong>Wir sind Ihre zuverl\u00e4ssige Quelle f\u00fcr landwirtschaftliche Einblicke, Innovationsstrategien und nachhaltige Anbaumethoden. Jede Nachricht ist uns wichtig, und wir freuen uns darauf, mit Ihnen in Kontakt zu treten, zusammenzuarbeiten und Ihr Wachstum zu unterst\u00fctzen.<\/p>\n\n\n\n<h3 class=\"wp-block-heading\"><strong>Allgemeine Anfragen<\/strong><\/h3>\n\n\n\n<p>Haben Sie eine Frage zu Explorgrow oder m\u00f6chten Sie Kontakt aufnehmen? Schreiben Sie uns eine E-Mail an <strong>contact@explorgrow.com<\/strong><br>Wir freuen uns \u00fcber R\u00fcckmeldungen aus unserer Community und werden so schnell wie m\u00f6glich antworten.<\/p>\n\n\n\n<h3 class=\"wp-block-heading\"><strong>Inhaltsvorschl\u00e4ge &amp; Beitr\u00e4ge<\/strong><\/h3>\n\n\n\n<p>Haben Sie eine Idee f\u00fcr einen Artikel? M\u00f6chten Sie Ihre Praxiserfahrung teilen oder ein Thema f\u00fcr zuk\u00fcnftige Berichterstattung vorschlagen? Kontaktieren Sie uns! <strong>contact@explorgrow.com<\/strong><br>Wir sind stets offen f\u00fcr neue Stimmen und Perspektiven im Bereich der nachhaltigen Landwirtschaft und Agrarinnovation.<\/p>\n\n\n\n<h3 class=\"wp-block-heading\"><strong>Technische Unterst\u00fctzung<\/strong><\/h3>\n\n\n\n<p>Haben Sie Probleme mit der Website oder Schwierigkeiten beim Zugriff auf unsere Inhalte? Kontaktieren Sie uns unter <strong>contact@explorgrow.com<\/strong><br>Wir sind hier, um sicherzustellen, dass Ihre Erfahrung mit Explorgrow reibungslos und produktiv verl\u00e4uft.<\/p>\n\n\n\n<h3 class=\"wp-block-heading\"><strong>Bleiben Sie in Verbindung<\/strong><\/h3>\n\n\n\n<p>Explorgrow ist eine digitale Plattform f\u00fcr eine globale Community aus Agrarfachleuten, P\u00e4dagogen und Ver\u00e4nderern. Obwohl wir keinen festen Standort haben, sind wir immer online \u2013 bereit, mit Ihnen in Kontakt zu treten, zu lernen und zu wachsen.<\/p>\n\n\n\n<p>Vielen Dank, dass Sie Teil der Explorgrow-Community sind. Wir freuen uns darauf, von Ihnen zu h\u00f6ren!<\/p>\n\n\n\n<p><strong>Herzliche Gr\u00fc\u00dfe,<\/strong><br><em>Das Explorgrow-Team<\/em><\/p>","protected":false},"excerpt":{"rendered":"<p>Vielen Dank f\u00fcr Ihren Besuch bei Explorgrow, Ihrer zuverl\u00e4ssigen Quelle f\u00fcr landwirtschaftliche Einblicke, Innovationsstrategien und nachhaltige Anbaumethoden. Wir sch\u00e4tzen jede Nachricht und freuen uns darauf, mit Ihnen in Kontakt zu treten, zusammenzuarbeiten und Ihr Wachstum zu unterst\u00fctzen. Allgemeine Anfragen: Haben Sie eine Frage zu Explorgrow oder m\u00f6chten Sie mit uns in Kontakt treten? Schreiben Sie uns eine E-Mail an contact@explorgrow.com. Wir freuen uns \u00fcber R\u00fcckmeldungen aus unserer Community und werden uns bei Ihnen melden. [\u2026]<\/p>","protected":false},"author":198,"featured_media":0,"parent":0,"menu_order":0,"comment_status":"closed","ping_status":"closed","template":"","meta":{"footnotes":""},"_links":{"self":[{"href":"https:\/\/explorgrow.com\/de\/wp-json\/wp\/v2\/pages\/96"}],"collection":[{"href":"https:\/\/explorgrow.com\/de\/wp-json\/wp\/v2\/pages"}],"about":[{"href":"https:\/\/explorgrow.com\/de\/wp-json\/wp\/v2\/types\/page"}],"author":[{"embeddable":true,"href":"https:\/\/explorgrow.com\/de\/wp-json\/wp\/v2\/users\/198"}],"replies":[{"embeddable":true,"href":"https:\/\/explorgrow.com\/de\/wp-json\/wp\/v2\/comments?post=96"}],"version-history":[{"count":2,"href":"https:\/\/explorgrow.com\/de\/wp-json\/wp\/v2\/pages\/96\/revisions"}],"predecessor-version":[{"id":761,"href":"https:\/\/explorgrow.com\/de\/wp-json\/wp\/v2\/pages\/96\/revisions\/761"}],"wp:attachment":[{"href":"https:\/\/explorgrow.com\/de\/wp-json\/wp\/v2\/media?parent=96"}],"curies":[{"name":"wp","href":"https:\/\/api.w.org\/{rel}","templated":true}]}}