    {"id":94,"date":"2025-06-27T19:31:14","date_gmt":"2025-06-27T19:31:14","guid":{"rendered":"https:\/\/explorgrow.com\/?page_id=94"},"modified":"2025-11-24T20:54:25","modified_gmt":"2025-11-24T20:54:25","slug":"about-us","status":"publish","type":"page","link":"https:\/\/explorgrow.com\/es\/about-us\/","title":{"rendered":"Sobre nosotros"},"content":{"rendered":"<h1 class=\"wp-block-heading\"><\/h1>\n\n\n\n<p><strong>Bienvenido a Explorgrow<\/strong> Tu destino para obtener informaci\u00f3n sobre agricultura moderna, innovaci\u00f3n agr\u00edcola y estrategias que impulsan el crecimiento sostenible. Ya seas agricultor, agroemprendedor, investigador, estratega o simplemente te apasiona el futuro de la agricultura, Explorgrow est\u00e1 aqu\u00ed para apoyarte en tu camino.<\/p>\n\n\n\n<h2 class=\"wp-block-heading\"><strong>\u00bfQu\u00e9 nos motiva?<\/strong><\/h2>\n\n\n\n<p>En Explorgrow, creemos que el conocimiento es una herramienta vital para forjar un futuro mejor. Nuestra misi\u00f3n es proporcionar contenido pr\u00e1ctico y de alta calidad que ayude a las personas y comunidades a construir sistemas alimentarios m\u00e1s fuertes y resilientes.<\/p>\n\n\n\n<p>Nos centramos en lo m\u00e1s importante: pr\u00e1cticas sostenibles, tecnolog\u00eda agr\u00edcola emergente, cambios en el mercado y el marketing, toma de decisiones estrat\u00e9gicas y las tendencias que definen la agricultura del futuro. Desde la innovaci\u00f3n que transforma el campo hasta los conocimientos que ayudan a los agricultores a adaptarse a los cambios en el comportamiento del consumidor, nuestro objetivo es hacer que la agricultura moderna sea m\u00e1s clara, inteligente y accesible para todos.<\/p>\n\n\n\n<h2 class=\"wp-block-heading\"><strong>Quienes somos<\/strong><\/h2>\n\n\n\n<p>Somos un equipo de escritores, estrategas y pensadores agr\u00edcolas comprometidos con la uni\u00f3n de la tradici\u00f3n con la innovaci\u00f3n. Explorgrow naci\u00f3 del deseo de aportar claridad y prop\u00f3sito a la forma en que compartimos ideas en la agricultura, ya sean herramientas digitales, estrategias de mercado, enfoques que priorizan el suelo o pr\u00e1cticas regenerativas.<\/p>\n\n\n\n<p>Nuestro contenido se basa en la practicidad, la relevancia y el impacto a largo plazo. Exploramos las fuerzas que configuran el panorama agr\u00edcola actual: los desaf\u00edos de la sostenibilidad, las tendencias emergentes, las tecnolog\u00edas innovadoras y la mentalidad estrat\u00e9gica necesaria para adaptarse y prosperar. Aqu\u00ed, no eres solo un lector: formas parte de una red creciente de creadores de cambios que creen en el progreso desde cero.<\/p>\n\n\n\n<h2 class=\"wp-block-heading\"><strong>Complicarse<\/strong><\/h2>\n\n\n\n<p>\u00bfTienes alg\u00fan tema que te gustar\u00eda que exploremos? \u00bfQuieres compartir tu experiencia agr\u00edcola o recomendar una soluci\u00f3n sostenible? Nos encantar\u00eda saber de ti. En Explorgrow, tu voz contribuye a forjar el futuro de la agricultura.<\/p>\n\n\n\n<p><strong>Hagamos crecer algo significativo juntos: una idea, una historia, un campo a la vez.<\/strong><\/p>","protected":false},"excerpt":{"rendered":"<p>Welcome to Explorgrow \u2013 your destination for modern farming insights, agricultural innovation, and strategies that drive sustainable growth. Whether you\u2019re a farmer, agripreneur, researcher, strategist, or simply passionate about the future of agriculture, Explorgrow is here to support your journey. What drives us At Explorgrow, we believe that knowledge is a vital tool for cultivating [&hellip;]<\/p>","protected":false},"author":198,"featured_media":0,"parent":0,"menu_order":0,"comment_status":"closed","ping_status":"closed","template":"","meta":{"footnotes":""},"_links":{"self":[{"href":"https:\/\/explorgrow.com\/es\/wp-json\/wp\/v2\/pages\/94"}],"collection":[{"href":"https:\/\/explorgrow.com\/es\/wp-json\/wp\/v2\/pages"}],"about":[{"href":"https:\/\/explorgrow.com\/es\/wp-json\/wp\/v2\/types\/page"}],"author":[{"embeddable":true,"href":"https:\/\/explorgrow.com\/es\/wp-json\/wp\/v2\/users\/198"}],"replies":[{"embeddable":true,"href":"https:\/\/explorgrow.com\/es\/wp-json\/wp\/v2\/comments?post=94"}],"version-history":[{"count":2,"href":"https:\/\/explorgrow.com\/es\/wp-json\/wp\/v2\/pages\/94\/revisions"}],"predecessor-version":[{"id":762,"href":"https:\/\/explorgrow.com\/es\/wp-json\/wp\/v2\/pages\/94\/revisions\/762"}],"wp:attachment":[{"href":"https:\/\/explorgrow.com\/es\/wp-json\/wp\/v2\/media?parent=94"}],"curies":[{"name":"wp","href":"https:\/\/api.w.org\/{rel}","templated":true}]}}