    {"id":91,"date":"2025-06-27T19:30:53","date_gmt":"2025-06-27T19:30:53","guid":{"rendered":"https:\/\/explorgrow.com\/?page_id=91"},"modified":"2025-11-24T20:55:17","modified_gmt":"2025-11-24T20:55:17","slug":"terms-of-use","status":"publish","type":"page","link":"https:\/\/explorgrow.com\/fr\/terms-of-use\/","title":{"rendered":"Conditions d&#039;utilisation"},"content":{"rendered":"<p><strong>Derni\u00e8re mise \u00e0 jour\u00a0: 27 juin 2025<\/strong><\/p>\n\n\n\n<p><strong>Explorgrow<\/strong> Cette plateforme num\u00e9rique est d\u00e9di\u00e9e \u00e0 la publication de contenus relatifs \u00e0 l&#039;agriculture, au d\u00e9veloppement durable, \u00e0 l&#039;innovation rurale et aux strat\u00e9gies agricoles. En acc\u00e9dant \u00e0 ce site web ou en l&#039;utilisant, vous acceptez les conditions g\u00e9n\u00e9rales et les politiques d\u00e9crites ci-dessous.<\/p>\n\n\n\n<p>Les pr\u00e9sentes conditions d&#039;utilisation d\u00e9finissent les droits et les obligations des utilisateurs qui interagissent avec le site web Explorgrow. L&#039;utilisation de la plateforme est \u00e9galement soumise \u00e0 notre politique de confidentialit\u00e9.<\/p>\n\n\n\n<p><strong>VEUILLEZ LIRE ATTENTIVEMENT CES CONDITIONS. SI VOUS N&#039;\u00caTES PAS D&#039;ACCORD AVEC CELLES-CI, VEUILLEZ NE PAS UTILISER EXPLORGROW NI AUCUN DE SES SERVICES.<\/strong><\/p>\n\n\n\n<h2 class=\"wp-block-heading\"><strong>Article I \u2013 Contrat d&#039;utilisation<\/strong><\/h2>\n\n\n\n<p>1.1 En utilisant Explorgrow, vous acceptez pleinement les pr\u00e9sentes conditions d&#039;utilisation et notre politique de confidentialit\u00e9.<br>1.2 L&#039;acc\u00e8s est autoris\u00e9 uniquement aux personnes \u00e2g\u00e9es d&#039;au moins 18 ans ou ayant la capacit\u00e9 juridique d&#039;utiliser cette plateforme dans leur juridiction.<br>1.3 Si vous ne r\u00e9pondez pas \u00e0 ces crit\u00e8res ou n\u2019\u00eates pas d\u2019accord avec une partie quelconque de ces conditions, vous ne devez pas utiliser nos services.<\/p>\n\n\n\n<h2 class=\"wp-block-heading\"><strong>Article II \u2013 Communication<\/strong><\/h2>\n\n\n\n<p>2.1 Explorgrow fournit des canaux de communication pour les questions, les suggestions ou pour signaler des probl\u00e8mes techniques.<br>2.2 Vous pouvez nous joindre via notre page de contact ou via l&#039;adresse e-mail de contact qui y est indiqu\u00e9e.<\/p>\n\n\n\n<h2 class=\"wp-block-heading\"><strong>Article III \u2013 Responsabilit\u00e9s des Parties<\/strong><\/h2>\n\n\n\n<p>3.1 Les utilisateurs doivent se conformer aux pr\u00e9sentes conditions d&#039;utilisation et \u00e0 notre politique de confidentialit\u00e9 lorsqu&#039;ils acc\u00e8dent ou interagissent avec tout contenu sur Explorgrow.<br>3.2 La plateforme peut contenir des liens vers des sites Web externes fournis pour plus de commodit\u00e9 ou de r\u00e9f\u00e9rence.<br>3.3 Une fois redirig\u00e9, l&#039;utilisateur est soumis aux politiques de ces sites web tiers. Explorgrow d\u00e9cline toute responsabilit\u00e9 quant \u00e0 leur exactitude, leur contenu ou leurs pratiques.<br>3.4 Les utilisateurs sont seuls responsables de la s\u00e9curit\u00e9 de leurs appareils, de leur connexion Internet et de tous les identifiants de connexion utilis\u00e9s pour acc\u00e9der \u00e0 Explorgrow.<br>3.5 Explorgrow n&#039;est pas responsable des dommages caus\u00e9s par des interf\u00e9rences externes, des pannes du syst\u00e8me ou une mauvaise utilisation qui \u00e9chappent \u00e0 notre contr\u00f4le raisonnable.<br>3.6 Nous ne demanderons jamais de donn\u00e9es financi\u00e8res personnelles ou d\u2019informations confidentielles par des canaux non officiels.<br>3.7 Si vous recevez une communication suspecte pr\u00e9tendant provenir d&#039;Explorgrow, veuillez la signaler imm\u00e9diatement via nos canaux de contact officiels.<\/p>\n\n\n\n<h2 class=\"wp-block-heading\"><strong>Article IV \u2013 Conduite interdite<\/strong><\/h2>\n\n\n\n<p>Les actions suivantes sont strictement interdites sur Explorgrow :<\/p>\n\n\n\n<ul>\n<li>Participer \u00e0 une activit\u00e9 ill\u00e9gale, abusive ou trompeuse<\/li>\n\n\n\n<li>Violation des droits \u00e0 la vie priv\u00e9e ou des lois sur la propri\u00e9t\u00e9 intellectuelle<\/li>\n\n\n\n<li>T\u00e9l\u00e9chargement de codes malveillants, de virus ou de scripts automatis\u00e9s<\/li>\n\n\n\n<li>Usurper l&#039;identit\u00e9 d&#039;autrui ou fausser ses affiliations<\/li>\n\n\n\n<li>Collecte ou extraction de donn\u00e9es sans consentement<\/li>\n\n\n\n<li>Distribution de contenu non autoris\u00e9 ou trompeur<\/li>\n\n\n\n<li>Harc\u00e8lement, menaces ou diffamation d&#039;individus ou de groupes<\/li>\n\n\n\n<li>Tenter d&#039;acc\u00e9der ou de perturber ill\u00e9galement la plateforme<\/li>\n<\/ul>\n\n\n\n<p>Toute violation peut entra\u00eener une suspension temporaire ou une r\u00e9siliation d\u00e9finitive du compte, sans pr\u00e9avis.<\/p>\n\n\n\n<h2 class=\"wp-block-heading\"><strong>Article V \u2013 Limitation de responsabilit\u00e9 et garanties<\/strong><\/h2>\n\n\n\n<p>Explorgrow fournit ses services et son contenu \u00ab tels quels \u00bb et \u00ab tels que disponibles \u00bb, sans garantie d\u2019aucune sorte, expresse ou implicite.<br>Nous ne garantissons pas que l\u2019acc\u00e8s sera ininterrompu, sans erreur ou que tous les documents r\u00e9pondront \u00e0 vos attentes sp\u00e9cifiques.<br>Dans toute la mesure permise par la loi applicable, Explorgrow d\u00e9cline toute responsabilit\u00e9 pour tout dommage direct ou indirect r\u00e9sultant de l&#039;utilisation de la plateforme.<\/p>\n\n\n\n<h2 class=\"wp-block-heading\"><strong>Article VI \u2013 Dur\u00e9e et d\u00e9lais l\u00e9gaux<\/strong><\/h2>\n\n\n\n<p>Les pr\u00e9sentes conditions d\u2019utilisation restent valables ind\u00e9finiment.<br>Toute r\u00e9clamation ou tout litige impliquant Explorgrow doit \u00eatre initi\u00e9 dans les <strong>90 (quatre-vingt-dix) jours<\/strong> de l\u2019\u00e9v\u00e9nement qui a donn\u00e9 lieu au probl\u00e8me.<\/p>\n\n\n\n<h2 class=\"wp-block-heading\"><strong>Article VII \u2013 Loi applicable et juridiction<\/strong><\/h2>\n\n\n\n<p>Les pr\u00e9sentes conditions d&#039;utilisation seront r\u00e9gies et interpr\u00e9t\u00e9es conform\u00e9ment aux <strong>lois de la R\u00e9publique d&#039;Estonie<\/strong>Tout litige, controverse ou r\u00e9clamation d\u00e9coulant de ou li\u00e9 aux pr\u00e9sentes Conditions ou \u00e0 l&#039;utilisation de ce site Web sera r\u00e9solu conform\u00e9ment au droit estonien, en vertu de la <strong>comp\u00e9tence exclusive des tribunaux situ\u00e9s \u00e0 Tallinn, Estonie<\/strong>.<br>Cette clause garantit la transparence juridique et l&#039;alignement sur les meilleures pratiques internationales en mati\u00e8re de conformit\u00e9, telles que pr\u00e9vues par la l\u00e9gislation estonienne. <em>Loi sur le droit des obligations<\/em> et <em>Loi sur le droit international priv\u00e9<\/em>.<\/p>\n\n\n\n<h2 class=\"wp-block-heading\"><strong>Article VIII \u2013 Propri\u00e9t\u00e9 intellectuelle<\/strong><\/h2>\n\n\n\n<p>8.1 Tout le contenu publi\u00e9 sur Explorgrow \u2014 y compris le texte, les m\u00e9dias, les graphiques et la marque \u2014 est prot\u00e9g\u00e9 par la loi sur la propri\u00e9t\u00e9 intellectuelle.<br>8.2 La reproduction, la redistribution ou la r\u00e9utilisation de tout mat\u00e9riel est interdite sans l&#039;autorisation \u00e9crite pr\u00e9alable d&#039;Explorgrow.<br>8.3 Le contenu soumis par les utilisateurs demeure sous la responsabilit\u00e9 du contributeur. Explorgrow se r\u00e9serve le droit de supprimer ou de mod\u00e9rer tout contenu g\u00e9n\u00e9r\u00e9 par les utilisateurs qui enfreint les normes l\u00e9gales ou \u00e9thiques.<\/p>\n\n\n\n<h2 class=\"wp-block-heading\"><strong>Article IX \u2013 Modifications des Conditions<\/strong><\/h2>\n\n\n\n<p>Explorgrow peut r\u00e9viser ou mettre \u00e0 jour ces conditions d&#039;utilisation ou toute partie de ses services \u00e0 tout moment sans pr\u00e9avis.<br>Il vous incombe de consulter r\u00e9guli\u00e8rement cette page. L&#039;utilisation continue de la plateforme implique l&#039;acceptation des conditions r\u00e9vis\u00e9es.<\/p>\n\n\n\n<h2 class=\"wp-block-heading\"><strong>Article X \u2013 Contact<\/strong><\/h2>\n\n\n\n<p>Pour toute question ou pr\u00e9occupation concernant ces conditions d&#039;utilisation, veuillez nous contacter \u00e0 l&#039;adresse suivante\u00a0:<br><br> Courriel\u00a0: contact@explorgrow.com<\/p>\n\n\n\n<p><strong>SI VOUS N&#039;\u00caTES PAS D&#039;ACCORD AVEC CES CONDITIONS, VEUILLEZ VOUS ABSTENIR D&#039;UTILISER EXPLORGROW ET SES SERVICES.<\/strong><\/p>","protected":false},"excerpt":{"rendered":"<p>Derni\u00e8re mise \u00e0 jour : 27 juin 2025. Explorgrow est une plateforme num\u00e9rique d\u00e9di\u00e9e \u00e0 la publication de contenus relatifs \u00e0 l&#039;agriculture, au d\u00e9veloppement durable, \u00e0 l&#039;innovation rurale et aux strat\u00e9gies agricoles. En acc\u00e9dant \u00e0 ce site web ou en l&#039;utilisant, vous acceptez les conditions g\u00e9n\u00e9rales d&#039;utilisation et les politiques d\u00e9crites ci-dessous. Ces conditions d&#039;utilisation d\u00e9finissent les droits et les responsabilit\u00e9s des utilisateurs qui interagissent avec Explorgrow [\u2026]<\/p>","protected":false},"author":198,"featured_media":0,"parent":0,"menu_order":0,"comment_status":"closed","ping_status":"closed","template":"","meta":{"footnotes":""},"_links":{"self":[{"href":"https:\/\/explorgrow.com\/fr\/wp-json\/wp\/v2\/pages\/91"}],"collection":[{"href":"https:\/\/explorgrow.com\/fr\/wp-json\/wp\/v2\/pages"}],"about":[{"href":"https:\/\/explorgrow.com\/fr\/wp-json\/wp\/v2\/types\/page"}],"author":[{"embeddable":true,"href":"https:\/\/explorgrow.com\/fr\/wp-json\/wp\/v2\/users\/198"}],"replies":[{"embeddable":true,"href":"https:\/\/explorgrow.com\/fr\/wp-json\/wp\/v2\/comments?post=91"}],"version-history":[{"count":4,"href":"https:\/\/explorgrow.com\/fr\/wp-json\/wp\/v2\/pages\/91\/revisions"}],"predecessor-version":[{"id":763,"href":"https:\/\/explorgrow.com\/fr\/wp-json\/wp\/v2\/pages\/91\/revisions\/763"}],"wp:attachment":[{"href":"https:\/\/explorgrow.com\/fr\/wp-json\/wp\/v2\/media?parent=91"}],"curies":[{"name":"wp","href":"https:\/\/api.w.org\/{rel}","templated":true}]}}