    {"id":94,"date":"2025-06-27T19:31:14","date_gmt":"2025-06-27T19:31:14","guid":{"rendered":"https:\/\/explorgrow.com\/?page_id=94"},"modified":"2025-11-24T20:54:25","modified_gmt":"2025-11-24T20:54:25","slug":"about-us","status":"publish","type":"page","link":"https:\/\/explorgrow.com\/it\/about-us\/","title":{"rendered":"Chi siamo"},"content":{"rendered":"<h1 class=\"wp-block-heading\"><\/h1>\n\n\n\n<p><strong>Benvenuti a Explorgrow<\/strong> \u2013 il tuo punto di riferimento per approfondimenti sull&#039;agricoltura moderna, innovazione agricola e strategie che promuovono una crescita sostenibile. Che tu sia un agricoltore, un imprenditore agricolo, un ricercatore, uno stratega o semplicemente un appassionato del futuro dell&#039;agricoltura, Explorgrow \u00e8 qui per supportarti nel tuo percorso.<\/p>\n\n\n\n<h2 class=\"wp-block-heading\"><strong>Ci\u00f2 che ci spinge<\/strong><\/h2>\n\n\n\n<p>Noi di Explorgrow crediamo che la conoscenza sia uno strumento fondamentale per costruire un futuro migliore. La nostra missione \u00e8 fornire contenuti di alta qualit\u00e0 e fruibili che aiutino individui e comunit\u00e0 a costruire sistemi alimentari pi\u00f9 forti e resilienti.<\/p>\n\n\n\n<p>Ci concentriamo su ci\u00f2 che conta di pi\u00f9: pratiche sostenibili, tecnologie agricole emergenti, cambiamenti di mercato e marketing, processi decisionali strategici e tendenze che plasmano l&#039;agricoltura di domani. Dall&#039;innovazione che trasforma il settore alle intuizioni che aiutano gli agricoltori a gestire i mutevoli comportamenti dei consumatori, il nostro obiettivo \u00e8 rendere l&#039;agricoltura moderna pi\u00f9 chiara, intelligente e accessibile a tutti.<\/p>\n\n\n\n<h2 class=\"wp-block-heading\"><strong>Chi siamo<\/strong><\/h2>\n\n\n\n<p>Siamo un team di scrittori, strateghi e pensatori agricoli impegnati a unire tradizione e innovazione. Explorgrow nasce dal desiderio di portare chiarezza e uno scopo al modo in cui condividiamo idee in ambito agricolo, che si tratti di strumenti digitali, strategie di mercato, approcci che privilegiano il suolo o pratiche rigenerative.<\/p>\n\n\n\n<p>I nostri contenuti sono radicati in praticit\u00e0, pertinenza e impatto a lungo termine. Esploriamo le forze che plasmano il panorama agricolo odierno: sfide per la sostenibilit\u00e0, tendenze emergenti, tecnologie innovative e la mentalit\u00e0 strategica necessaria per adattarsi e prosperare. Qui, non sei solo un lettore: fai parte di una rete in crescita di promotori del cambiamento che credono nel progresso partendo dalle basi.<\/p>\n\n\n\n<h2 class=\"wp-block-heading\"><strong>Partecipa<\/strong><\/h2>\n\n\n\n<p>Hai un argomento che vorresti che esplorassimo? Vuoi condividere la tua esperienza agricola o consigliare una soluzione sostenibile? Ci piacerebbe sentire la tua opinione. In Explorgrow, la tua voce contribuisce a plasmare il futuro dell&#039;agricoltura.<\/p>\n\n\n\n<p><strong>Facciamo crescere insieme qualcosa di significativo: un&#039;idea, una storia, un campo alla volta.<\/strong><\/p>","protected":false},"excerpt":{"rendered":"<p>Welcome to Explorgrow \u2013 your destination for modern farming insights, agricultural innovation, and strategies that drive sustainable growth. Whether you\u2019re a farmer, agripreneur, researcher, strategist, or simply passionate about the future of agriculture, Explorgrow is here to support your journey. What drives us At Explorgrow, we believe that knowledge is a vital tool for cultivating [&hellip;]<\/p>","protected":false},"author":198,"featured_media":0,"parent":0,"menu_order":0,"comment_status":"closed","ping_status":"closed","template":"","meta":{"footnotes":""},"_links":{"self":[{"href":"https:\/\/explorgrow.com\/it\/wp-json\/wp\/v2\/pages\/94"}],"collection":[{"href":"https:\/\/explorgrow.com\/it\/wp-json\/wp\/v2\/pages"}],"about":[{"href":"https:\/\/explorgrow.com\/it\/wp-json\/wp\/v2\/types\/page"}],"author":[{"embeddable":true,"href":"https:\/\/explorgrow.com\/it\/wp-json\/wp\/v2\/users\/198"}],"replies":[{"embeddable":true,"href":"https:\/\/explorgrow.com\/it\/wp-json\/wp\/v2\/comments?post=94"}],"version-history":[{"count":2,"href":"https:\/\/explorgrow.com\/it\/wp-json\/wp\/v2\/pages\/94\/revisions"}],"predecessor-version":[{"id":762,"href":"https:\/\/explorgrow.com\/it\/wp-json\/wp\/v2\/pages\/94\/revisions\/762"}],"wp:attachment":[{"href":"https:\/\/explorgrow.com\/it\/wp-json\/wp\/v2\/media?parent=94"}],"curies":[{"name":"wp","href":"https:\/\/api.w.org\/{rel}","templated":true}]}}