    {"id":94,"date":"2025-06-27T19:31:14","date_gmt":"2025-06-27T19:31:14","guid":{"rendered":"https:\/\/explorgrow.com\/?page_id=94"},"modified":"2025-11-24T20:54:25","modified_gmt":"2025-11-24T20:54:25","slug":"about-us","status":"publish","type":"page","link":"https:\/\/explorgrow.com\/nl\/about-us\/","title":{"rendered":"Over ons"},"content":{"rendered":"<h1 class=\"wp-block-heading\"><\/h1>\n\n\n\n<p><strong>Welkom bij Explorgrow<\/strong> \u2013 uw bestemming voor moderne landbouwinzichten, agrarische innovatie en strategie\u00ebn die duurzame groei stimuleren. Of u nu boer, agrarisch ondernemer, onderzoeker, strateeg of gewoon gepassioneerd bent over de toekomst van de landbouw, Explorgrow staat klaar om u te ondersteunen.<\/p>\n\n\n\n<h2 class=\"wp-block-heading\"><strong>Wat ons drijft<\/strong><\/h2>\n\n\n\n<p>Bij Explorgrow geloven we dat kennis essentieel is voor het cre\u00ebren van een betere toekomst. Onze missie is om hoogwaardige, bruikbare content te bieden die individuen en gemeenschappen helpt sterkere en veerkrachtigere voedselsystemen te bouwen.<\/p>\n\n\n\n<p>We richten ons op wat het belangrijkst is: duurzame praktijken, opkomende agritechnologie, markt- en marketingverschuivingen, strategische besluitvorming en de trends die de landbouw van morgen vormgeven. Van innovatie die het veld transformeert tot inzichten die boeren helpen bij het navigeren door veranderend consumentengedrag, streven we ernaar de moderne landbouw duidelijker, slimmer en toegankelijker te maken voor iedereen.<\/p>\n\n\n\n<h2 class=\"wp-block-heading\"><strong>Wie wij zijn<\/strong><\/h2>\n\n\n\n<p>Wij zijn een team van schrijvers, strategen en landbouwdenkers die zich inzetten om traditie en innovatie te verbinden. Explorgrow is ontstaan uit de wens om helderheid en doelgerichtheid te brengen in de manier waarop we idee\u00ebn delen in de landbouw \u2013 of het nu gaat om digitale tools, marktstrategie\u00ebn, bodemgerichte benaderingen of regeneratieve praktijken.<\/p>\n\n\n\n<p>Onze content is gebaseerd op praktische toepasbaarheid, relevantie en impact op de lange termijn. We onderzoeken de krachten die het huidige landbouwlandschap vormgeven: uitdagingen op het gebied van duurzaamheid, opkomende trends, innovatieve technologie\u00ebn en de strategische mindset die nodig is om ons aan te passen en te floreren. Hier bent u niet zomaar een lezer \u2013 u maakt deel uit van een groeiend netwerk van changemakers die geloven in vooruitgang vanaf de basis.<\/p>\n\n\n\n<h2 class=\"wp-block-heading\"><strong>Doe mee<\/strong><\/h2>\n\n\n\n<p>Heeft u een onderwerp dat u graag met ons wilt bespreken? Wilt u uw landbouwervaring delen of een duurzame oplossing aanbevelen? We horen graag van u. Bij Explorgrow helpt uw stem de toekomst van de landbouw vorm te geven.<\/p>\n\n\n\n<p><strong>Laten we samen iets betekenisvols laten groeien: \u00e9\u00e9n idee, \u00e9\u00e9n verhaal, \u00e9\u00e9n vakgebied tegelijk.<\/strong><\/p>","protected":false},"excerpt":{"rendered":"<p>Welcome to Explorgrow \u2013 your destination for modern farming insights, agricultural innovation, and strategies that drive sustainable growth. Whether you\u2019re a farmer, agripreneur, researcher, strategist, or simply passionate about the future of agriculture, Explorgrow is here to support your journey. What drives us At Explorgrow, we believe that knowledge is a vital tool for cultivating [&hellip;]<\/p>","protected":false},"author":198,"featured_media":0,"parent":0,"menu_order":0,"comment_status":"closed","ping_status":"closed","template":"","meta":{"footnotes":""},"_links":{"self":[{"href":"https:\/\/explorgrow.com\/nl\/wp-json\/wp\/v2\/pages\/94"}],"collection":[{"href":"https:\/\/explorgrow.com\/nl\/wp-json\/wp\/v2\/pages"}],"about":[{"href":"https:\/\/explorgrow.com\/nl\/wp-json\/wp\/v2\/types\/page"}],"author":[{"embeddable":true,"href":"https:\/\/explorgrow.com\/nl\/wp-json\/wp\/v2\/users\/198"}],"replies":[{"embeddable":true,"href":"https:\/\/explorgrow.com\/nl\/wp-json\/wp\/v2\/comments?post=94"}],"version-history":[{"count":2,"href":"https:\/\/explorgrow.com\/nl\/wp-json\/wp\/v2\/pages\/94\/revisions"}],"predecessor-version":[{"id":762,"href":"https:\/\/explorgrow.com\/nl\/wp-json\/wp\/v2\/pages\/94\/revisions\/762"}],"wp:attachment":[{"href":"https:\/\/explorgrow.com\/nl\/wp-json\/wp\/v2\/media?parent=94"}],"curies":[{"name":"wp","href":"https:\/\/api.w.org\/{rel}","templated":true}]}}