    {"id":96,"date":"2025-06-27T19:31:50","date_gmt":"2025-06-27T19:31:50","guid":{"rendered":"https:\/\/explorgrow.com\/?page_id=96"},"modified":"2025-11-24T20:53:58","modified_gmt":"2025-11-24T20:53:58","slug":"contact","status":"publish","type":"page","link":"https:\/\/explorgrow.com\/pt\/contact\/","title":{"rendered":"Contato"},"content":{"rendered":"<p>Obrigado pela visita <strong>Explorar crescer<\/strong>, sua fonte confi\u00e1vel de insights agr\u00edcolas, estrat\u00e9gias de inova\u00e7\u00e3o e pr\u00e1ticas agr\u00edcolas sustent\u00e1veis. Valorizamos cada mensagem e estamos aqui para conectar, colaborar e apoiar o seu crescimento.<\/p>\n\n\n\n<h3 class=\"wp-block-heading\"><strong>Consultas Gerais<\/strong><\/h3>\n\n\n\n<p>Tem alguma d\u00favida sobre o Explorgrow ou quer entrar em contato? Envie um e-mail para <strong>contato@explorgrow.com<\/strong><br>Adoramos ouvir a opini\u00e3o da nossa comunidade e responderemos o mais r\u00e1pido poss\u00edvel.<\/p>\n\n\n\n<h3 class=\"wp-block-heading\"><strong>Sugest\u00f5es e contribui\u00e7\u00f5es de conte\u00fado<\/strong><\/h3>\n\n\n\n<p>Tem uma ideia para um artigo? Quer compartilhar sua experi\u00eancia de campo ou sugerir um t\u00f3pico para cobertura futura? Entre em contato conosco <strong>contato@explorgrow.com<\/strong><br>Estamos sempre abertos a novas vozes e perspectivas em agricultura sustent\u00e1vel e agroinova\u00e7\u00e3o.<\/p>\n\n\n\n<h3 class=\"wp-block-heading\"><strong>Suporte t\u00e9cnico<\/strong><\/h3>\n\n\n\n<p>Est\u00e1 com problemas no site ou com acesso ao nosso conte\u00fado? Entre em contato conosco pelo e-mail <strong>contato@explorgrow.com<\/strong><br>Estamos aqui para garantir que sua experi\u00eancia com o Explorgrow seja tranquila e produtiva.<\/p>\n\n\n\n<h3 class=\"wp-block-heading\"><strong>Fique conectado<\/strong><\/h3>\n\n\n\n<p>A Explorgrow \u00e9 uma plataforma digital que atende a uma comunidade global de profissionais agr\u00edcolas, educadores e agentes de transforma\u00e7\u00e3o. Embora n\u00e3o operemos fisicamente, estamos sempre online \u2014 prontos para interagir, aprender e crescer com voc\u00ea.<\/p>\n\n\n\n<p>Obrigado por fazer parte da comunidade Explorgrow. Aguardamos seu contato!<\/p>\n\n\n\n<p><strong>Atenciosamente,<\/strong><br><em>A equipe Explorgrow<\/em><\/p>","protected":false},"excerpt":{"rendered":"<p>Obrigado por visitar o Explorgrow, sua fonte confi\u00e1vel de informa\u00e7\u00f5es sobre agricultura, estrat\u00e9gias de inova\u00e7\u00e3o e pr\u00e1ticas agr\u00edcolas sustent\u00e1veis. Valorizamos cada mensagem e estamos aqui para conectar, colaborar e apoiar o seu crescimento. D\u00favidas gerais Tem alguma pergunta sobre o Explorgrow ou deseja entrar em contato? Envie um e-mail para contact@explorgrow.com. Adoramos receber mensagens da nossa comunidade e responderemos o mais breve poss\u00edvel.<\/p>","protected":false},"author":198,"featured_media":0,"parent":0,"menu_order":0,"comment_status":"closed","ping_status":"closed","template":"","meta":{"footnotes":""},"_links":{"self":[{"href":"https:\/\/explorgrow.com\/pt\/wp-json\/wp\/v2\/pages\/96"}],"collection":[{"href":"https:\/\/explorgrow.com\/pt\/wp-json\/wp\/v2\/pages"}],"about":[{"href":"https:\/\/explorgrow.com\/pt\/wp-json\/wp\/v2\/types\/page"}],"author":[{"embeddable":true,"href":"https:\/\/explorgrow.com\/pt\/wp-json\/wp\/v2\/users\/198"}],"replies":[{"embeddable":true,"href":"https:\/\/explorgrow.com\/pt\/wp-json\/wp\/v2\/comments?post=96"}],"version-history":[{"count":2,"href":"https:\/\/explorgrow.com\/pt\/wp-json\/wp\/v2\/pages\/96\/revisions"}],"predecessor-version":[{"id":761,"href":"https:\/\/explorgrow.com\/pt\/wp-json\/wp\/v2\/pages\/96\/revisions\/761"}],"wp:attachment":[{"href":"https:\/\/explorgrow.com\/pt\/wp-json\/wp\/v2\/media?parent=96"}],"curies":[{"name":"wp","href":"https:\/\/api.w.org\/{rel}","templated":true}]}}