    {"id":96,"date":"2025-06-27T19:31:50","date_gmt":"2025-06-27T19:31:50","guid":{"rendered":"https:\/\/explorgrow.com\/?page_id=96"},"modified":"2025-11-24T20:53:58","modified_gmt":"2025-11-24T20:53:58","slug":"contact","status":"publish","type":"page","link":"https:\/\/explorgrow.com\/ro\/contact\/","title":{"rendered":"Contact"},"content":{"rendered":"<p>V\u0103 mul\u021bumim pentru vizit\u0103 <strong>Exploreaz\u0103<\/strong>, sursa dumneavoastr\u0103 de \u00eencredere pentru informa\u021bii agricole, strategii de inovare \u0219i practici agricole sustenabile. Pre\u021buim fiecare mesaj \u0219i suntem aici pentru a v\u0103 conecta, a colabora \u0219i a v\u0103 sprijini cre\u0219terea.<\/p>\n\n\n\n<h3 class=\"wp-block-heading\"><strong>\u00centreb\u0103ri generale<\/strong><\/h3>\n\n\n\n<p>Ave\u021bi o \u00eentrebare despre Explorgrow sau dori\u021bi s\u0103 ne contacta\u021bi? Trimite\u021bi-ne un e-mail la <strong>contact@explorgrow.com<\/strong><br>Ne place s\u0103 auzim ve\u0219ti de la comunitatea noastr\u0103 \u0219i vom r\u0103spunde c\u00e2t mai cur\u00e2nd posibil.<\/p>\n\n\n\n<h3 class=\"wp-block-heading\"><strong>Sugestii \u0219i contribu\u021bii de con\u021binut<\/strong><\/h3>\n\n\n\n<p>Ai o idee pentru un articol? Vrei s\u0103 \u00eemp\u0103rt\u0103\u0219e\u0219ti experien\u021ba ta \u00een domeniu sau s\u0103 sugerezi un subiect pentru o acoperire viitoare? Contacteaz\u0103-ne. <strong>contact@explorgrow.com<\/strong><br>Suntem mereu deschi\u0219i la noi voci \u0219i perspective \u00een agricultura durabil\u0103 \u0219i agroinova\u021bia.<\/p>\n\n\n\n<h3 class=\"wp-block-heading\"><strong>Asisten\u021b\u0103 tehnic\u0103<\/strong><\/h3>\n\n\n\n<p>\u00cent\u00e2mpina\u021bi probleme cu site-ul sau ave\u021bi dificult\u0103\u021bi la accesarea con\u021binutului nostru? Contacta\u021bi-ne la <strong>contact@explorgrow.com<\/strong><br>Suntem aici pentru a ne asigura c\u0103 experien\u021ba ta cu Explorgrow este f\u0103r\u0103 probleme \u0219i productiv\u0103.<\/p>\n\n\n\n<h3 class=\"wp-block-heading\"><strong>R\u0103m\u00e2i conectat<\/strong><\/h3>\n\n\n\n<p>Explorgrow este o platform\u0103 digital\u0103 care deserve\u0219te o comunitate global\u0103 de profesioni\u0219ti din agricultur\u0103, educatori \u0219i factori de schimbare. De\u0219i nu oper\u0103m dintr-o loca\u021bie fizic\u0103, suntem mereu online - gata s\u0103 interac\u021bion\u0103m, s\u0103 \u00eenv\u0103\u021b\u0103m \u0219i s\u0103 cre\u0219tem al\u0103turi de tine.<\/p>\n\n\n\n<p>\u00ce\u021bi mul\u021bumim c\u0103 faci parte din comunitatea Explorgrow. A\u0219tept\u0103m cu ner\u0103bdare s\u0103 te auzim!<\/p>\n\n\n\n<p><strong>Salut\u0103ri calde,<\/strong><br><em>Echipa Explorgrow<\/em><\/p>","protected":false},"excerpt":{"rendered":"<p>V\u0103 mul\u021bumim c\u0103 a\u021bi vizitat Explorgrow, sursa dumneavoastr\u0103 de \u00eencredere pentru informa\u021bii agricole, strategii de inovare \u0219i practici agricole sustenabile. Pre\u021buim fiecare mesaj \u0219i suntem aici pentru a v\u0103 conecta, a colabora \u0219i a v\u0103 sprijini cre\u0219terea. \u00centreb\u0103ri generale Ave\u021bi o \u00eentrebare despre Explorgrow sau dori\u021bi s\u0103 ne contacta\u021bi? Trimite\u021bi-ne un e-mail la contact@explorgrow.com Ne place s\u0103 auzim de la comunitatea noastr\u0103 \u0219i vom [\u2026]<\/p>","protected":false},"author":198,"featured_media":0,"parent":0,"menu_order":0,"comment_status":"closed","ping_status":"closed","template":"","meta":{"footnotes":""},"_links":{"self":[{"href":"https:\/\/explorgrow.com\/ro\/wp-json\/wp\/v2\/pages\/96"}],"collection":[{"href":"https:\/\/explorgrow.com\/ro\/wp-json\/wp\/v2\/pages"}],"about":[{"href":"https:\/\/explorgrow.com\/ro\/wp-json\/wp\/v2\/types\/page"}],"author":[{"embeddable":true,"href":"https:\/\/explorgrow.com\/ro\/wp-json\/wp\/v2\/users\/198"}],"replies":[{"embeddable":true,"href":"https:\/\/explorgrow.com\/ro\/wp-json\/wp\/v2\/comments?post=96"}],"version-history":[{"count":2,"href":"https:\/\/explorgrow.com\/ro\/wp-json\/wp\/v2\/pages\/96\/revisions"}],"predecessor-version":[{"id":761,"href":"https:\/\/explorgrow.com\/ro\/wp-json\/wp\/v2\/pages\/96\/revisions\/761"}],"wp:attachment":[{"href":"https:\/\/explorgrow.com\/ro\/wp-json\/wp\/v2\/media?parent=96"}],"curies":[{"name":"wp","href":"https:\/\/api.w.org\/{rel}","templated":true}]}}